{"id":3612,"date":"2020-09-09T04:31:48","date_gmt":"2020-09-09T02:31:48","guid":{"rendered":"http:\/\/bg-du-vrac.fr\/?page_id=3612"},"modified":"2024-07-02T04:38:54","modified_gmt":"2024-07-02T02:38:54","slug":"about","status":"publish","type":"page","link":"https:\/\/bg-du-vrac.fr\/?page_id=3612","title":{"rendered":"\u00c0 propos"},"content":{"rendered":"\n<div style=\"height:100px\" aria-hidden=\"true\" class=\"wp-block-spacer\"><\/div>\n\n\n\n<div class=\"inherit-container-width wp-block-group alignfull has-ast-global-color-4-background-color has-background is-layout-constrained wp-block-group-is-layout-constrained\"><div class=\"wp-block-group__inner-container\">\n<h1 class=\"wp-block-heading has-text-align-center\">Notre d\u00e9marche<\/h1>\n<\/div><\/div>\n\n\n\n<div style=\"height:100px\" aria-hidden=\"true\" class=\"wp-block-spacer\"><\/div>\n\n\n\n<div class=\"inherit-container-width wp-block-group alignfull has-ast-global-color-5-background-color has-background is-layout-constrained wp-block-group-is-layout-constrained\"><div class=\"wp-block-group__inner-container\">\n<div class=\"wp-block-media-text alignwide has-media-on-the-right is-stacked-on-mobile is-vertically-aligned-center is-image-fill\" style=\"grid-template-columns:auto 40%\"><div class=\"wp-block-media-text__content\">\n<p><strong>Notre magasin est essentiellement compos\u00e9 de produits commercialis\u00e9s en \u00ab\u00a0vrac\u00a0\u00bb.<br>Le principe du vrac c&rsquo;est une autre mani\u00e8re de faire ses courses: le principe est d&rsquo;acheter des produits avec des emballages r\u00e9utilisables (r\u00e9duction des emballages) et de choisir les quantit\u00e9s d\u00e9sir\u00e9es (r\u00e9duction du gaspillage alimentaire).<br>Vous pouvez apporter vos bocaux, bo\u00eetes, tupperwares, sacs \u00e0 vrac, sachets r\u00e9utilisables, sacs etc.: ils seront pes\u00e9s avant de vous servir (c&rsquo;est la tare) et vous ne payez ensuite que le contenu.<br>Vous trouverez \u00e0 disposition \u00e9galement des bocaux pour vous d\u00e9panner, rapport\u00e9s par d&rsquo;autres clients et lav\u00e9s par nos soins.<\/strong><\/p>\n\n\n\n<p><strong>Nos produits sont locaux, en circuits courts, r\u00e9gionaux, et fran\u00e7ais au maximum et en grande partie Bio ou Ecocert, afin de favoriser le lien environnement, utilit\u00e9 sociale et activit\u00e9 \u00e9conomique.<br>Nous choisissons nos producteurs ainsi et pour la qualit\u00e9 des produits.<\/strong><\/p>\n\n\n\n<p><strong>A bient\u00f4t!<\/strong><br><strong>Les B&amp;G du Vrac<\/strong><\/p>\n<\/div><figure class=\"wp-block-media-text__media\" style=\"background-image:url(https:\/\/bg-du-vrac.fr\/wp-content\/uploads\/2022\/09\/bg-a-propos--1024x680.jpg);background-position:50% 50%\"><img decoding=\"async\" loading=\"lazy\" width=\"1024\" height=\"680\" src=\"https:\/\/bg-du-vrac.fr\/wp-content\/uploads\/2022\/09\/bg-a-propos--1024x680.jpg\" alt=\"\" class=\"wp-image-7193 size-full\" srcset=\"https:\/\/bg-du-vrac.fr\/wp-content\/uploads\/2022\/09\/bg-a-propos--1024x680.jpg 1024w, https:\/\/bg-du-vrac.fr\/wp-content\/uploads\/2022\/09\/bg-a-propos--300x199.jpg 300w, https:\/\/bg-du-vrac.fr\/wp-content\/uploads\/2022\/09\/bg-a-propos--768x510.jpg 768w, https:\/\/bg-du-vrac.fr\/wp-content\/uploads\/2022\/09\/bg-a-propos--1536x1020.jpg 1536w, https:\/\/bg-du-vrac.fr\/wp-content\/uploads\/2022\/09\/bg-a-propos--2048x1361.jpg 2048w, https:\/\/bg-du-vrac.fr\/wp-content\/uploads\/2022\/09\/bg-a-propos--600x399.jpg 600w\" sizes=\"(max-width: 1024px) 100vw, 1024px\" \/><\/figure><\/div>\n<\/div><\/div>\n\n\n\n<div class=\"inherit-container-width wp-block-group alignfull has-ast-global-color-2-background-color has-background is-layout-constrained wp-block-group-is-layout-constrained\"><div class=\"wp-block-group__inner-container\">\n<div class=\"wp-block-columns are-vertically-aligned-center is-layout-flex wp-container-7 wp-block-columns-is-layout-flex\">\n<div class=\"wp-block-column is-vertically-aligned-center is-layout-flow wp-block-column-is-layout-flow\"><\/div>\n\n\n\n<div class=\"wp-block-column is-vertically-aligned-center is-layout-flow wp-block-column-is-layout-flow\"><\/div>\n\n\n\n<div class=\"wp-block-column is-vertically-aligned-center is-layout-flow wp-block-column-is-layout-flow\"><\/div>\n\n\n\n<div class=\"wp-block-column is-vertically-aligned-center is-layout-flow wp-block-column-is-layout-flow\"><\/div>\n<\/div>\n<\/div><\/div>\n\n\n\n<div class=\"inherit-container-width wp-block-group alignfull has-ast-global-color-5-background-color has-background is-layout-constrained wp-block-group-is-layout-constrained\"><div class=\"wp-block-group__inner-container\"><\/div><\/div>\n","protected":false},"excerpt":{"rendered":"<p>Notre d\u00e9marche Notre magasin est essentiellement compos\u00e9 de produits commercialis\u00e9s en \u00ab\u00a0vrac\u00a0\u00bb.Le principe du vrac c&rsquo;est une autre mani\u00e8re de faire ses courses: le principe est d&rsquo;acheter des produits avec des emballages r\u00e9utilisables (r\u00e9duction des emballages) et de choisir les quantit\u00e9s d\u00e9sir\u00e9es (r\u00e9duction du gaspillage alimentaire).Vous pouvez apporter vos bocaux, bo\u00eetes, tupperwares, sacs \u00e0 vrac, &hellip;<\/p>\n<p class=\"read-more\"> <a class=\"\" href=\"https:\/\/bg-du-vrac.fr\/?page_id=3612\"> <span class=\"screen-reader-text\">\u00c0 propos<\/span> Lire la suite\u00a0\u00bb<\/a><\/p>\n","protected":false},"author":4,"featured_media":0,"parent":0,"menu_order":0,"comment_status":"closed","ping_status":"closed","template":"","meta":{"site-sidebar-layout":"no-sidebar","site-content-layout":"plain-container","ast-global-header-display":"","ast-main-header-display":"","ast-hfb-above-header-display":"","ast-hfb-below-header-display":"","ast-hfb-mobile-header-display":"","site-post-title":"disabled","ast-breadcrumbs-content":"","ast-featured-img":"disabled","footer-sml-layout":"","theme-transparent-header-meta":"default","adv-header-id-meta":"","stick-header-meta":"","header-above-stick-meta":"","header-main-stick-meta":"","header-below-stick-meta":"","footnotes":""},"uagb_featured_image_src":{"full":false,"thumbnail":false,"medium":false,"medium_large":false,"large":false,"1536x1536":false,"2048x2048":false,"woocommerce_thumbnail":false,"woocommerce_single":false,"woocommerce_gallery_thumbnail":false,"shop_catalog":false,"shop_single":false,"shop_thumbnail":false},"uagb_author_info":{"display_name":"St\u00e9phanie Berlinguez","author_link":"https:\/\/bg-du-vrac.fr\/?author=4"},"uagb_comment_info":0,"uagb_excerpt":"Notre d\u00e9marche Notre magasin est essentiellement compos\u00e9 de produits commercialis\u00e9s en \u00ab\u00a0vrac\u00a0\u00bb.Le principe du vrac c&rsquo;est une autre mani\u00e8re de faire ses courses: le principe est d&rsquo;acheter des produits avec des emballages r\u00e9utilisables (r\u00e9duction des emballages) et de choisir les quantit\u00e9s d\u00e9sir\u00e9es (r\u00e9duction du gaspillage alimentaire).Vous pouvez apporter vos bocaux, bo\u00eetes, tupperwares, sacs \u00e0 vrac,\u2026","_links":{"self":[{"href":"https:\/\/bg-du-vrac.fr\/index.php?rest_route=\/wp\/v2\/pages\/3612"}],"collection":[{"href":"https:\/\/bg-du-vrac.fr\/index.php?rest_route=\/wp\/v2\/pages"}],"about":[{"href":"https:\/\/bg-du-vrac.fr\/index.php?rest_route=\/wp\/v2\/types\/page"}],"author":[{"embeddable":true,"href":"https:\/\/bg-du-vrac.fr\/index.php?rest_route=\/wp\/v2\/users\/4"}],"replies":[{"embeddable":true,"href":"https:\/\/bg-du-vrac.fr\/index.php?rest_route=%2Fwp%2Fv2%2Fcomments&post=3612"}],"version-history":[{"count":13,"href":"https:\/\/bg-du-vrac.fr\/index.php?rest_route=\/wp\/v2\/pages\/3612\/revisions"}],"predecessor-version":[{"id":7259,"href":"https:\/\/bg-du-vrac.fr\/index.php?rest_route=\/wp\/v2\/pages\/3612\/revisions\/7259"}],"wp:attachment":[{"href":"https:\/\/bg-du-vrac.fr\/index.php?rest_route=%2Fwp%2Fv2%2Fmedia&parent=3612"}],"curies":[{"name":"wp","href":"https:\/\/api.w.org\/{rel}","templated":true}]}}